{"id":29184,"date":"2023-11-05T01:42:47","date_gmt":"2023-11-05T00:42:47","guid":{"rendered":"https:\/\/pawbox.ch\/?post_type=product&#038;p=29184"},"modified":"2023-12-18T15:52:36","modified_gmt":"2023-12-18T14:52:36","slug":"chewbox","status":"publish","type":"product","link":"https:\/\/pawbox.ch\/de\/produkt\/chewbox\/","title":{"rendered":"ChewBox"},"content":{"rendered":"<p>[et_pb_section fb_built=\u00a0\u00bb1&Prime; _builder_version=\u00a0\u00bb4.16&Prime; custom_padding=\u00a0\u00bb0px||||false|false\u00a0\u00bb global_colors_info=\u00a0\u00bb{}\u00a0\u00bb][et_pb_row _builder_version=\u00a0\u00bb4.16&Prime; background_size=\u00a0\u00bbinitial\u00a0\u00bb background_position=\u00a0\u00bbtop_left\u00a0\u00bb background_repeat=\u00a0\u00bbrepeat\u00a0\u00bb width=\u00a0\u00bb100%\u00a0\u00bb custom_padding=\u00a0\u00bb0px||0px||false|false\u00a0\u00bb global_colors_info=\u00a0\u00bb{}\u00a0\u00bb][et_pb_column type=\u00a0\u00bb4_4&Prime; _builder_version=\u00a0\u00bb4.16&Prime; custom_padding=\u00a0\u00bb|||\u00a0\u00bb global_colors_info=\u00a0\u00bb{}\u00a0\u00bb custom_padding__hover=\u00a0\u00bb|||\u00a0\u00bb][et_pb_wc_breadcrumb _builder_version=\u00a0\u00bb4.16&Prime; global_colors_info=\u00a0\u00bb{}\u00a0\u00bb][\/et_pb_wc_breadcrumb][et_pb_wc_cart_notice _builder_version=\u00a0\u00bb4.16&Prime; global_colors_info=\u00a0\u00bb{}\u00a0\u00bb][\/et_pb_wc_cart_notice][\/et_pb_column][\/et_pb_row][et_pb_row column_structure=\u00a0\u00bb1_2,1_2&Prime; _builder_version=\u00a0\u00bb4.16&Prime; background_size=\u00a0\u00bbinitial\u00a0\u00bb background_position=\u00a0\u00bbtop_left\u00a0\u00bb background_repeat=\u00a0\u00bbrepeat\u00a0\u00bb width=\u00a0\u00bb100%\u00a0\u00bb custom_padding=\u00a0\u00bb0px||||false|false\u00a0\u00bb global_colors_info=\u00a0\u00bb{}\u00a0\u00bb][et_pb_column type=\u00a0\u00bb1_2&Prime; _builder_version=\u00a0\u00bb4.16&Prime; custom_padding=\u00a0\u00bb|||\u00a0\u00bb global_colors_info=\u00a0\u00bb{}\u00a0\u00bb custom_padding__hover=\u00a0\u00bb|||\u00a0\u00bb][et_pb_wc_images _builder_version=\u00a0\u00bb4.16&Prime; global_colors_info=\u00a0\u00bb{}\u00a0\u00bb][\/et_pb_wc_images][\/et_pb_column][et_pb_column type=\u00a0\u00bb1_2&Prime; _builder_version=\u00a0\u00bb4.16&Prime; custom_padding=\u00a0\u00bb|||\u00a0\u00bb global_colors_info=\u00a0\u00bb{}\u00a0\u00bb custom_padding__hover=\u00a0\u00bb|||\u00a0\u00bb][et_pb_wc_title _builder_version=\u00a0\u00bb4.16&Prime; global_colors_info=\u00a0\u00bb{}\u00a0\u00bb][\/et_pb_wc_title][et_pb_wc_rating disabled_on=\u00a0\u00bbon|on|on\u00a0\u00bb _builder_version=\u00a0\u00bb4.23&Prime; disabled=\u00a0\u00bbon\u00a0\u00bb global_colors_info=\u00a0\u00bb{}\u00a0\u00bb][\/et_pb_wc_rating][et_pb_wc_price _builder_version=\u00a0\u00bb4.16&Prime; global_colors_info=\u00a0\u00bb{}\u00a0\u00bb][\/et_pb_wc_price][et_pb_wc_description _builder_version=\u00a0\u00bb4.16&Prime; global_colors_info=\u00a0\u00bb{}\u00a0\u00bb][\/et_pb_wc_description][et_pb_wc_add_to_cart show_quantity=\u00a0\u00bboff\u00a0\u00bb show_stock=\u00a0\u00bboff\u00a0\u00bb field_label_position=\u00a0\u00bbstacked\u00a0\u00bb _builder_version=\u00a0\u00bb4.23&Prime; dropdown_menus_background_color=\u00a0\u00bbRGBA(255,255,255,0)\u00a0\u00bb dropdown_menus_text_color=\u00a0\u00bb#2ea3f2&Prime; field_label_font=\u00a0\u00bb||||||||\u00a0\u00bb field_label_font_size=\u00a0\u00bb17px\u00a0\u00bb field_label_line_height=\u00a0\u00bb1.5em\u00a0\u00bb dropdown_menus_font=\u00a0\u00bb||||||||\u00a0\u00bb dropdown_menus_font_size=\u00a0\u00bb21px\u00a0\u00bb button_icon=\u00a0\u00bb&#xf1b0;||fa||900&Prime; button_rel=\u00a0\u00bboff|off|off|off|off\u00a0\u00bb border_width_all_dropdown_menus=\u00a0\u00bb2px\u00a0\u00bb border_color_all_dropdown_menus=\u00a0\u00bb#2ea3f2&Prime; text_shadow_style=\u00a0\u00bbpreset3&Prime; text_shadow_color=\u00a0\u00bbRGBA(255,255,255,0)\u00a0\u00bb global_colors_info=\u00a0\u00bb{}\u00a0\u00bb][\/et_pb_wc_add_to_cart][et_pb_text _builder_version=\u00a0\u00bb4.23.1&Prime; _module_preset=\u00a0\u00bbdefault\u00a0\u00bb global_colors_info=\u00a0\u00bb{}\u00a0\u00bb]<\/p>\n<p><span>Un mail vous sera envoy\u00e9 pour confirmer la r\u00e9ception du paiement et l\u2019envoi de votre box.\u00a0<\/span><\/p>\n<p>[\/et_pb_text][et_pb_wc_meta disabled_on=\u00a0\u00bbon|on|on\u00a0\u00bb _builder_version=\u00a0\u00bb4.23&Prime; disabled=\u00a0\u00bbon\u00a0\u00bb global_colors_info=\u00a0\u00bb{}\u00a0\u00bb][\/et_pb_wc_meta][\/et_pb_column][\/et_pb_row][et_pb_row disabled_on=\u00a0\u00bbon|on|on\u00a0\u00bb _builder_version=\u00a0\u00bb4.23&Prime; background_size=\u00a0\u00bbinitial\u00a0\u00bb background_position=\u00a0\u00bbtop_left\u00a0\u00bb background_repeat=\u00a0\u00bbrepeat\u00a0\u00bb width=\u00a0\u00bb100%\u00a0\u00bb disabled=\u00a0\u00bbon\u00a0\u00bb global_colors_info=\u00a0\u00bb{}\u00a0\u00bb][et_pb_column type=\u00a0\u00bb4_4&Prime; _builder_version=\u00a0\u00bb4.16&Prime; custom_padding=\u00a0\u00bb|||\u00a0\u00bb global_colors_info=\u00a0\u00bb{}\u00a0\u00bb custom_padding__hover=\u00a0\u00bb|||\u00a0\u00bb][et_pb_wc_tabs _builder_version=\u00a0\u00bb4.16&Prime; global_colors_info=\u00a0\u00bb{}\u00a0\u00bb] [\/et_pb_wc_tabs][et_pb_wc_upsells _builder_version=\u00a0\u00bb4.16&Prime; global_colors_info=\u00a0\u00bb{}\u00a0\u00bb][\/et_pb_wc_upsells][et_pb_wc_related_products disabled_on=\u00a0\u00bbon|on|on\u00a0\u00bb _builder_version=\u00a0\u00bb4.23&Prime; disabled=\u00a0\u00bbon\u00a0\u00bb global_colors_info=\u00a0\u00bb{}\u00a0\u00bb][\/et_pb_wc_related_products][\/et_pb_column][\/et_pb_row][\/et_pb_section]<\/p>","protected":false},"excerpt":{"rendered":"<p>Gardez vos chaussures neuves et offrez la <strong>ChewBox<\/strong> \u00e0 votre champion de la mastication<\/p>\n<p>Une s\u00e9lection adapt\u00e9e de nourriture \u00e0 m\u00e2cher en respectant le bien-\u00eatre de votre compagnon et de ses dents<\/p>\n<p>&nbsp;<\/p>\n<p><strong>Abonnez-vous avant le 24 pour recevoir la box ce mois-ci. Autrement, elle sera exp\u00e9di\u00e9e le mois suivant lors du premier paiement de votre abonnement.<\/strong><\/p>","protected":false},"featured_media":29266,"comment_status":"open","ping_status":"closed","template":"","meta":{"_et_pb_use_builder":"on","_et_pb_old_content":"","_et_gb_content_width":"","jetpack_post_was_ever_published":false},"product_brand":[],"product_cat":[20],"product_tag":[],"class_list":{"0":"post-29184","1":"product","2":"type-product","3":"status-publish","4":"has-post-thumbnail","6":"product_cat-non-classe","8":"first","9":"instock","10":"product-type-subscription"},"yoast_head":"<!-- This site is optimized with the Yoast SEO plugin v26.7 - https:\/\/yoast.com\/wordpress\/plugins\/seo\/ -->\n<title>ChewBox | PawBox<\/title>\n<meta name=\"robots\" content=\"index, follow, max-snippet:-1, max-image-preview:large, max-video-preview:-1\" \/>\n<link rel=\"canonical\" href=\"https:\/\/pawbox.ch\/de\/produkt\/chewbox\/\" \/>\n<meta property=\"og:locale\" content=\"de_DE\" \/>\n<meta property=\"og:type\" content=\"article\" \/>\n<meta property=\"og:title\" content=\"ChewBox | PawBox\" \/>\n<meta property=\"og:description\" content=\"Gardez vos chaussures neuves et offrez la ChewBox \u00e0 votre champion de la mastication  Une s\u00e9lection adapt\u00e9e de nourriture \u00e0 m\u00e2cher en respectant le bien-\u00eatre de votre compagnon et de ses dents  &nbsp;  Abonnez-vous avant le 24 pour recevoir la box ce mois-ci. Autrement, elle sera exp\u00e9di\u00e9e le mois suivant lors du premier paiement de votre abonnement.\" \/>\n<meta property=\"og:url\" content=\"https:\/\/pawbox.ch\/de\/produkt\/chewbox\/\" \/>\n<meta property=\"og:site_name\" content=\"PawBox\" \/>\n<meta property=\"article:publisher\" content=\"https:\/\/www.facebook.com\/pawbox.ch\" \/>\n<meta property=\"article:modified_time\" content=\"2023-12-18T14:52:36+00:00\" \/>\n<meta property=\"og:image\" content=\"https:\/\/pawbox.ch\/wp-content\/uploads\/2023\/11\/2-1-1024x683.png\" \/>\n\t<meta property=\"og:image:width\" content=\"1024\" \/>\n\t<meta property=\"og:image:height\" content=\"683\" \/>\n\t<meta property=\"og:image:type\" content=\"image\/png\" \/>\n<meta name=\"twitter:card\" content=\"summary_large_image\" \/>\n<meta name=\"twitter:label1\" content=\"Gesch\u00e4tzte Lesezeit\" \/>\n\t<meta name=\"twitter:data1\" content=\"1\u00a0Minute\" \/>\n<script type=\"application\/ld+json\" class=\"yoast-schema-graph\">{\"@context\":\"https:\/\/schema.org\",\"@graph\":[{\"@type\":\"WebPage\",\"@id\":\"https:\/\/pawbox.ch\/produit\/chewbox\/\",\"url\":\"https:\/\/pawbox.ch\/produit\/chewbox\/\",\"name\":\"ChewBox | PawBox\",\"isPartOf\":{\"@id\":\"https:\/\/pawbox.ch\/#website\"},\"primaryImageOfPage\":{\"@id\":\"https:\/\/pawbox.ch\/produit\/chewbox\/#primaryimage\"},\"image\":{\"@id\":\"https:\/\/pawbox.ch\/produit\/chewbox\/#primaryimage\"},\"thumbnailUrl\":\"https:\/\/i0.wp.com\/pawbox.ch\/wp-content\/uploads\/2023\/11\/2-1.png?fit=4688%2C3125&ssl=1\",\"datePublished\":\"2023-11-05T00:42:47+00:00\",\"dateModified\":\"2023-12-18T14:52:36+00:00\",\"breadcrumb\":{\"@id\":\"https:\/\/pawbox.ch\/produit\/chewbox\/#breadcrumb\"},\"inLanguage\":\"de\",\"potentialAction\":[{\"@type\":\"ReadAction\",\"target\":[\"https:\/\/pawbox.ch\/produit\/chewbox\/\"]}]},{\"@type\":\"ImageObject\",\"inLanguage\":\"de\",\"@id\":\"https:\/\/pawbox.ch\/produit\/chewbox\/#primaryimage\",\"url\":\"https:\/\/i0.wp.com\/pawbox.ch\/wp-content\/uploads\/2023\/11\/2-1.png?fit=4688%2C3125&ssl=1\",\"contentUrl\":\"https:\/\/i0.wp.com\/pawbox.ch\/wp-content\/uploads\/2023\/11\/2-1.png?fit=4688%2C3125&ssl=1\",\"width\":4688,\"height\":3125},{\"@type\":\"BreadcrumbList\",\"@id\":\"https:\/\/pawbox.ch\/produit\/chewbox\/#breadcrumb\",\"itemListElement\":[{\"@type\":\"ListItem\",\"position\":1,\"name\":\"Accueil\",\"item\":\"https:\/\/pawbox.ch\/\"},{\"@type\":\"ListItem\",\"position\":2,\"name\":\"HOME\",\"item\":\"https:\/\/pawbox.ch\/\"},{\"@type\":\"ListItem\",\"position\":3,\"name\":\"ChewBox\"}]},{\"@type\":\"WebSite\",\"@id\":\"https:\/\/pawbox.ch\/#website\",\"url\":\"https:\/\/pawbox.ch\/\",\"name\":\"PawBox\",\"description\":\"Happy Pets\",\"publisher\":{\"@id\":\"https:\/\/pawbox.ch\/#organization\"},\"potentialAction\":[{\"@type\":\"SearchAction\",\"target\":{\"@type\":\"EntryPoint\",\"urlTemplate\":\"https:\/\/pawbox.ch\/?s={search_term_string}\"},\"query-input\":{\"@type\":\"PropertyValueSpecification\",\"valueRequired\":true,\"valueName\":\"search_term_string\"}}],\"inLanguage\":\"de\"},{\"@type\":\"Organization\",\"@id\":\"https:\/\/pawbox.ch\/#organization\",\"name\":\"PawBox\",\"url\":\"https:\/\/pawbox.ch\/\",\"logo\":{\"@type\":\"ImageObject\",\"inLanguage\":\"de\",\"@id\":\"https:\/\/pawbox.ch\/#\/schema\/logo\/image\/\",\"url\":\"https:\/\/pawbox.ch\/wp-content\/uploads\/2023\/05\/PawBox3Final.png\",\"contentUrl\":\"https:\/\/pawbox.ch\/wp-content\/uploads\/2023\/05\/PawBox3Final.png\",\"width\":777,\"height\":634,\"caption\":\"PawBox\"},\"image\":{\"@id\":\"https:\/\/pawbox.ch\/#\/schema\/logo\/image\/\"},\"sameAs\":[\"https:\/\/www.facebook.com\/pawbox.ch\",\"https:\/\/www.instagram.com\/pawbox.ch\/\"]}]}<\/script>\n<!-- \/ Yoast SEO plugin. -->","yoast_head_json":{"title":"ChewBox | PawBox","robots":{"index":"index","follow":"follow","max-snippet":"max-snippet:-1","max-image-preview":"max-image-preview:large","max-video-preview":"max-video-preview:-1"},"canonical":"https:\/\/pawbox.ch\/de\/produkt\/chewbox\/","og_locale":"de_DE","og_type":"article","og_title":"ChewBox | PawBox","og_description":"Gardez vos chaussures neuves et offrez la ChewBox \u00e0 votre champion de la mastication  Une s\u00e9lection adapt\u00e9e de nourriture \u00e0 m\u00e2cher en respectant le bien-\u00eatre de votre compagnon et de ses dents  &nbsp;  Abonnez-vous avant le 24 pour recevoir la box ce mois-ci. Autrement, elle sera exp\u00e9di\u00e9e le mois suivant lors du premier paiement de votre abonnement.","og_url":"https:\/\/pawbox.ch\/de\/produkt\/chewbox\/","og_site_name":"PawBox","article_publisher":"https:\/\/www.facebook.com\/pawbox.ch","article_modified_time":"2023-12-18T14:52:36+00:00","og_image":[{"width":1024,"height":683,"url":"https:\/\/pawbox.ch\/wp-content\/uploads\/2023\/11\/2-1-1024x683.png","type":"image\/png"}],"twitter_card":"summary_large_image","twitter_misc":{"Gesch\u00e4tzte Lesezeit":"1\u00a0Minute"},"schema":{"@context":"https:\/\/schema.org","@graph":[{"@type":"WebPage","@id":"https:\/\/pawbox.ch\/produit\/chewbox\/","url":"https:\/\/pawbox.ch\/produit\/chewbox\/","name":"ChewBox | PawBox","isPartOf":{"@id":"https:\/\/pawbox.ch\/#website"},"primaryImageOfPage":{"@id":"https:\/\/pawbox.ch\/produit\/chewbox\/#primaryimage"},"image":{"@id":"https:\/\/pawbox.ch\/produit\/chewbox\/#primaryimage"},"thumbnailUrl":"https:\/\/i0.wp.com\/pawbox.ch\/wp-content\/uploads\/2023\/11\/2-1.png?fit=4688%2C3125&ssl=1","datePublished":"2023-11-05T00:42:47+00:00","dateModified":"2023-12-18T14:52:36+00:00","breadcrumb":{"@id":"https:\/\/pawbox.ch\/produit\/chewbox\/#breadcrumb"},"inLanguage":"de","potentialAction":[{"@type":"ReadAction","target":["https:\/\/pawbox.ch\/produit\/chewbox\/"]}]},{"@type":"ImageObject","inLanguage":"de","@id":"https:\/\/pawbox.ch\/produit\/chewbox\/#primaryimage","url":"https:\/\/i0.wp.com\/pawbox.ch\/wp-content\/uploads\/2023\/11\/2-1.png?fit=4688%2C3125&ssl=1","contentUrl":"https:\/\/i0.wp.com\/pawbox.ch\/wp-content\/uploads\/2023\/11\/2-1.png?fit=4688%2C3125&ssl=1","width":4688,"height":3125},{"@type":"BreadcrumbList","@id":"https:\/\/pawbox.ch\/produit\/chewbox\/#breadcrumb","itemListElement":[{"@type":"ListItem","position":1,"name":"Accueil","item":"https:\/\/pawbox.ch\/"},{"@type":"ListItem","position":2,"name":"HOME","item":"https:\/\/pawbox.ch\/"},{"@type":"ListItem","position":3,"name":"ChewBox"}]},{"@type":"WebSite","@id":"https:\/\/pawbox.ch\/#website","url":"https:\/\/pawbox.ch\/","name":"PawBox","description":"Happy Pets","publisher":{"@id":"https:\/\/pawbox.ch\/#organization"},"potentialAction":[{"@type":"SearchAction","target":{"@type":"EntryPoint","urlTemplate":"https:\/\/pawbox.ch\/?s={search_term_string}"},"query-input":{"@type":"PropertyValueSpecification","valueRequired":true,"valueName":"search_term_string"}}],"inLanguage":"de"},{"@type":"Organization","@id":"https:\/\/pawbox.ch\/#organization","name":"PawBox","url":"https:\/\/pawbox.ch\/","logo":{"@type":"ImageObject","inLanguage":"de","@id":"https:\/\/pawbox.ch\/#\/schema\/logo\/image\/","url":"https:\/\/pawbox.ch\/wp-content\/uploads\/2023\/05\/PawBox3Final.png","contentUrl":"https:\/\/pawbox.ch\/wp-content\/uploads\/2023\/05\/PawBox3Final.png","width":777,"height":634,"caption":"PawBox"},"image":{"@id":"https:\/\/pawbox.ch\/#\/schema\/logo\/image\/"},"sameAs":["https:\/\/www.facebook.com\/pawbox.ch","https:\/\/www.instagram.com\/pawbox.ch\/"]}]}},"jetpack_sharing_enabled":true,"_links":{"self":[{"href":"https:\/\/pawbox.ch\/de\/wp-json\/wp\/v2\/product\/29184","targetHints":{"allow":["GET"]}}],"collection":[{"href":"https:\/\/pawbox.ch\/de\/wp-json\/wp\/v2\/product"}],"about":[{"href":"https:\/\/pawbox.ch\/de\/wp-json\/wp\/v2\/types\/product"}],"replies":[{"embeddable":true,"href":"https:\/\/pawbox.ch\/de\/wp-json\/wp\/v2\/comments?post=29184"}],"wp:featuredmedia":[{"embeddable":true,"href":"https:\/\/pawbox.ch\/de\/wp-json\/wp\/v2\/media\/29266"}],"wp:attachment":[{"href":"https:\/\/pawbox.ch\/de\/wp-json\/wp\/v2\/media?parent=29184"}],"wp:term":[{"taxonomy":"product_brand","embeddable":true,"href":"https:\/\/pawbox.ch\/de\/wp-json\/wp\/v2\/product_brand?post=29184"},{"taxonomy":"product_cat","embeddable":true,"href":"https:\/\/pawbox.ch\/de\/wp-json\/wp\/v2\/product_cat?post=29184"},{"taxonomy":"product_tag","embeddable":true,"href":"https:\/\/pawbox.ch\/de\/wp-json\/wp\/v2\/product_tag?post=29184"}],"curies":[{"name":"wp","href":"https:\/\/api.w.org\/{rel}","templated":true}]}}