{"id":29254,"date":"2023-11-07T18:02:17","date_gmt":"2023-11-07T17:02:17","guid":{"rendered":"https:\/\/pawbox.ch\/?post_type=product&#038;p=29254"},"modified":"2025-12-01T17:29:32","modified_gmt":"2025-12-01T16:29:32","slug":"pawbox-noel","status":"publish","type":"product","link":"https:\/\/pawbox.ch\/de\/produkt\/pawbox-noel\/","title":{"rendered":"PawBox NOEL"},"content":{"rendered":"<p>[et_pb_section fb_built=\u00a0\u00bb1&Prime; _builder_version=\u00a0\u00bb4.16&Prime; custom_padding=\u00a0\u00bb0px||||false|false\u00a0\u00bb global_colors_info=\u00a0\u00bb{}\u00a0\u00bb][et_pb_row _builder_version=\u00a0\u00bb4.16&Prime; background_size=\u00a0\u00bbinitial\u00a0\u00bb background_position=\u00a0\u00bbtop_left\u00a0\u00bb background_repeat=\u00a0\u00bbrepeat\u00a0\u00bb width=\u00a0\u00bb100%\u00a0\u00bb custom_padding=\u00a0\u00bb0px||0px||false|false\u00a0\u00bb global_colors_info=\u00a0\u00bb{}\u00a0\u00bb][et_pb_column type=\u00a0\u00bb4_4&Prime; _builder_version=\u00a0\u00bb4.16&Prime; custom_padding=\u00a0\u00bb|||\u00a0\u00bb pac_dcm_carousel_specific_module_num=\u00a0\u00bb0&Prime; global_colors_info=\u00a0\u00bb{}\u00a0\u00bb custom_padding__hover=\u00a0\u00bb|||\u00a0\u00bb][et_pb_wc_breadcrumb _builder_version=\u00a0\u00bb4.16&Prime; global_colors_info=\u00a0\u00bb{}\u00a0\u00bb][\/et_pb_wc_breadcrumb][et_pb_wc_cart_notice _builder_version=\u00a0\u00bb4.16&Prime; global_colors_info=\u00a0\u00bb{}\u00a0\u00bb][\/et_pb_wc_cart_notice][\/et_pb_column][\/et_pb_row][et_pb_row column_structure=\u00a0\u00bb1_2,1_2&Prime; _builder_version=\u00a0\u00bb4.16&Prime; background_size=\u00a0\u00bbinitial\u00a0\u00bb background_position=\u00a0\u00bbtop_left\u00a0\u00bb background_repeat=\u00a0\u00bbrepeat\u00a0\u00bb width=\u00a0\u00bb100%\u00a0\u00bb custom_padding=\u00a0\u00bb0px||||false|false\u00a0\u00bb global_colors_info=\u00a0\u00bb{}\u00a0\u00bb][et_pb_column type=\u00a0\u00bb1_2&Prime; _builder_version=\u00a0\u00bb4.16&Prime; custom_padding=\u00a0\u00bb|||\u00a0\u00bb pac_dcm_carousel_specific_module_num=\u00a0\u00bb0&Prime; global_colors_info=\u00a0\u00bb{}\u00a0\u00bb custom_padding__hover=\u00a0\u00bb|||\u00a0\u00bb][et_pb_wc_images _builder_version=\u00a0\u00bb4.16&Prime; global_colors_info=\u00a0\u00bb{}\u00a0\u00bb][\/et_pb_wc_images][\/et_pb_column][et_pb_column type=\u00a0\u00bb1_2&Prime; _builder_version=\u00a0\u00bb4.16&Prime; custom_padding=\u00a0\u00bb|||\u00a0\u00bb pac_dcm_carousel_specific_module_num=\u00a0\u00bb0&Prime; global_colors_info=\u00a0\u00bb{}\u00a0\u00bb custom_padding__hover=\u00a0\u00bb|||\u00a0\u00bb][et_pb_wc_title _builder_version=\u00a0\u00bb4.16&Prime; global_colors_info=\u00a0\u00bb{}\u00a0\u00bb][\/et_pb_wc_title][et_pb_wc_rating disabled_on=\u00a0\u00bbon|on|on\u00a0\u00bb _builder_version=\u00a0\u00bb4.23&Prime; disabled=\u00a0\u00bbon\u00a0\u00bb global_colors_info=\u00a0\u00bb{}\u00a0\u00bb][\/et_pb_wc_rating][et_pb_wc_price _builder_version=\u00a0\u00bb4.16&Prime; global_colors_info=\u00a0\u00bb{}\u00a0\u00bb][\/et_pb_wc_price][et_pb_wc_description _builder_version=\u00a0\u00bb4.16&Prime; global_colors_info=\u00a0\u00bb{}\u00a0\u00bb][\/et_pb_wc_description][et_pb_wc_meta disabled_on=\u00a0\u00bbon|on|on\u00a0\u00bb _builder_version=\u00a0\u00bb4.23&Prime; disabled=\u00a0\u00bbon\u00a0\u00bb global_colors_info=\u00a0\u00bb{}\u00a0\u00bb][\/et_pb_wc_meta][et_pb_wc_add_to_cart _builder_version=\u00a0\u00bb4.27.2&Prime; _module_preset=\u00a0\u00bbdefault\u00a0\u00bb global_colors_info=\u00a0\u00bb{}\u00a0\u00bb][\/et_pb_wc_add_to_cart][\/et_pb_column][\/et_pb_row][et_pb_row disabled_on=\u00a0\u00bbon|on|on\u00a0\u00bb _builder_version=\u00a0\u00bb4.23&Prime; background_size=\u00a0\u00bbinitial\u00a0\u00bb background_position=\u00a0\u00bbtop_left\u00a0\u00bb background_repeat=\u00a0\u00bbrepeat\u00a0\u00bb width=\u00a0\u00bb100%\u00a0\u00bb disabled=\u00a0\u00bbon\u00a0\u00bb global_colors_info=\u00a0\u00bb{}\u00a0\u00bb][et_pb_column type=\u00a0\u00bb4_4&Prime; _builder_version=\u00a0\u00bb4.16&Prime; custom_padding=\u00a0\u00bb|||\u00a0\u00bb pac_dcm_carousel_specific_module_num=\u00a0\u00bb0&Prime; global_colors_info=\u00a0\u00bb{}\u00a0\u00bb custom_padding__hover=\u00a0\u00bb|||\u00a0\u00bb][et_pb_wc_tabs _builder_version=\u00a0\u00bb4.16&Prime; global_colors_info=\u00a0\u00bb{}\u00a0\u00bb]\t\t\t\t\t[\/et_pb_wc_tabs][et_pb_wc_upsells _builder_version=\u00a0\u00bb4.16&Prime; global_colors_info=\u00a0\u00bb{}\u00a0\u00bb][\/et_pb_wc_upsells][et_pb_wc_related_products disabled_on=\u00a0\u00bbon|on|on\u00a0\u00bb _builder_version=\u00a0\u00bb4.23&Prime; disabled=\u00a0\u00bbon\u00a0\u00bb global_colors_info=\u00a0\u00bb{}\u00a0\u00bb][\/et_pb_wc_related_products][\/et_pb_column][\/et_pb_row][\/et_pb_section]<\/p>","protected":false},"excerpt":{"rendered":"<p><b>C&rsquo;est le retour de la PawBox de NOEL !\u00a0<\/b><\/p>\n<p>Une boite myst\u00e8re pleine de bonne chose ainsi qu&rsquo;une peluche au th\u00e8me de Noel!<\/p>\n<p>Commandez jusqu&rsquo;au 15 et recevez le 23 d\u00e9cembre<\/p>","protected":false},"featured_media":29190,"comment_status":"open","ping_status":"closed","template":"","meta":{"_et_pb_use_builder":"on","_et_pb_old_content":"","_et_gb_content_width":"","jetpack_post_was_ever_published":false},"product_brand":[],"product_cat":[20],"product_tag":[],"class_list":{"0":"post-29254","1":"product","2":"type-product","3":"status-publish","4":"has-post-thumbnail","6":"product_cat-non-classe","8":"first","9":"instock","10":"product-type-simple"},"yoast_head":"<!-- This site is optimized with the Yoast SEO plugin v26.7 - https:\/\/yoast.com\/wordpress\/plugins\/seo\/ -->\n<title>PawBox NOEL | PawBox<\/title>\n<meta name=\"robots\" content=\"index, follow, max-snippet:-1, max-image-preview:large, max-video-preview:-1\" \/>\n<link rel=\"canonical\" href=\"https:\/\/pawbox.ch\/de\/produkt\/pawbox-noel\/\" \/>\n<meta property=\"og:locale\" content=\"de_DE\" \/>\n<meta property=\"og:type\" content=\"article\" \/>\n<meta property=\"og:title\" content=\"PawBox NOEL | PawBox\" \/>\n<meta property=\"og:description\" content=\"C&#039;est le retour de la PawBox de NOEL !\u00a0  Une boite myst\u00e8re pleine de bonne chose ainsi qu&#039;une peluche au th\u00e8me de Noel!  Commandez jusqu&#039;au 15 et recevez le 23 d\u00e9cembre\" \/>\n<meta property=\"og:url\" content=\"https:\/\/pawbox.ch\/de\/produkt\/pawbox-noel\/\" \/>\n<meta property=\"og:site_name\" content=\"PawBox\" \/>\n<meta property=\"article:publisher\" content=\"https:\/\/www.facebook.com\/pawbox.ch\" \/>\n<meta property=\"article:modified_time\" content=\"2025-12-01T16:29:32+00:00\" \/>\n<meta property=\"og:image\" content=\"https:\/\/pawbox.ch\/wp-content\/uploads\/2023\/11\/2.png\" \/>\n\t<meta property=\"og:image:width\" content=\"1500\" \/>\n\t<meta property=\"og:image:height\" content=\"1000\" \/>\n\t<meta property=\"og:image:type\" content=\"image\/png\" \/>\n<meta name=\"twitter:card\" content=\"summary_large_image\" \/>\n<meta name=\"twitter:label1\" content=\"Gesch\u00e4tzte Lesezeit\" \/>\n\t<meta name=\"twitter:data1\" content=\"1\u00a0Minute\" \/>\n<script type=\"application\/ld+json\" class=\"yoast-schema-graph\">{\"@context\":\"https:\/\/schema.org\",\"@graph\":[{\"@type\":\"WebPage\",\"@id\":\"https:\/\/pawbox.ch\/produit\/pawbox-noel\/\",\"url\":\"https:\/\/pawbox.ch\/produit\/pawbox-noel\/\",\"name\":\"PawBox NOEL | PawBox\",\"isPartOf\":{\"@id\":\"https:\/\/pawbox.ch\/#website\"},\"primaryImageOfPage\":{\"@id\":\"https:\/\/pawbox.ch\/produit\/pawbox-noel\/#primaryimage\"},\"image\":{\"@id\":\"https:\/\/pawbox.ch\/produit\/pawbox-noel\/#primaryimage\"},\"thumbnailUrl\":\"https:\/\/i0.wp.com\/pawbox.ch\/wp-content\/uploads\/2023\/11\/2.png?fit=1500%2C1000&ssl=1\",\"datePublished\":\"2023-11-07T17:02:17+00:00\",\"dateModified\":\"2025-12-01T16:29:32+00:00\",\"breadcrumb\":{\"@id\":\"https:\/\/pawbox.ch\/produit\/pawbox-noel\/#breadcrumb\"},\"inLanguage\":\"de\",\"potentialAction\":[{\"@type\":\"ReadAction\",\"target\":[\"https:\/\/pawbox.ch\/produit\/pawbox-noel\/\"]}]},{\"@type\":\"ImageObject\",\"inLanguage\":\"de\",\"@id\":\"https:\/\/pawbox.ch\/produit\/pawbox-noel\/#primaryimage\",\"url\":\"https:\/\/i0.wp.com\/pawbox.ch\/wp-content\/uploads\/2023\/11\/2.png?fit=1500%2C1000&ssl=1\",\"contentUrl\":\"https:\/\/i0.wp.com\/pawbox.ch\/wp-content\/uploads\/2023\/11\/2.png?fit=1500%2C1000&ssl=1\",\"width\":1500,\"height\":1000},{\"@type\":\"BreadcrumbList\",\"@id\":\"https:\/\/pawbox.ch\/produit\/pawbox-noel\/#breadcrumb\",\"itemListElement\":[{\"@type\":\"ListItem\",\"position\":1,\"name\":\"Accueil\",\"item\":\"https:\/\/pawbox.ch\/\"},{\"@type\":\"ListItem\",\"position\":2,\"name\":\"HOME\",\"item\":\"https:\/\/pawbox.ch\/\"},{\"@type\":\"ListItem\",\"position\":3,\"name\":\"PawBox NOEL\"}]},{\"@type\":\"WebSite\",\"@id\":\"https:\/\/pawbox.ch\/#website\",\"url\":\"https:\/\/pawbox.ch\/\",\"name\":\"PawBox\",\"description\":\"Happy Pets\",\"publisher\":{\"@id\":\"https:\/\/pawbox.ch\/#organization\"},\"potentialAction\":[{\"@type\":\"SearchAction\",\"target\":{\"@type\":\"EntryPoint\",\"urlTemplate\":\"https:\/\/pawbox.ch\/?s={search_term_string}\"},\"query-input\":{\"@type\":\"PropertyValueSpecification\",\"valueRequired\":true,\"valueName\":\"search_term_string\"}}],\"inLanguage\":\"de\"},{\"@type\":\"Organization\",\"@id\":\"https:\/\/pawbox.ch\/#organization\",\"name\":\"PawBox\",\"url\":\"https:\/\/pawbox.ch\/\",\"logo\":{\"@type\":\"ImageObject\",\"inLanguage\":\"de\",\"@id\":\"https:\/\/pawbox.ch\/#\/schema\/logo\/image\/\",\"url\":\"https:\/\/pawbox.ch\/wp-content\/uploads\/2023\/05\/PawBox3Final.png\",\"contentUrl\":\"https:\/\/pawbox.ch\/wp-content\/uploads\/2023\/05\/PawBox3Final.png\",\"width\":777,\"height\":634,\"caption\":\"PawBox\"},\"image\":{\"@id\":\"https:\/\/pawbox.ch\/#\/schema\/logo\/image\/\"},\"sameAs\":[\"https:\/\/www.facebook.com\/pawbox.ch\",\"https:\/\/www.instagram.com\/pawbox.ch\/\"]}]}<\/script>\n<!-- \/ Yoast SEO plugin. -->","yoast_head_json":{"title":"PawBox NOEL | PawBox","robots":{"index":"index","follow":"follow","max-snippet":"max-snippet:-1","max-image-preview":"max-image-preview:large","max-video-preview":"max-video-preview:-1"},"canonical":"https:\/\/pawbox.ch\/de\/produkt\/pawbox-noel\/","og_locale":"de_DE","og_type":"article","og_title":"PawBox NOEL | PawBox","og_description":"C'est le retour de la PawBox de NOEL !\u00a0  Une boite myst\u00e8re pleine de bonne chose ainsi qu'une peluche au th\u00e8me de Noel!  Commandez jusqu'au 15 et recevez le 23 d\u00e9cembre","og_url":"https:\/\/pawbox.ch\/de\/produkt\/pawbox-noel\/","og_site_name":"PawBox","article_publisher":"https:\/\/www.facebook.com\/pawbox.ch","article_modified_time":"2025-12-01T16:29:32+00:00","og_image":[{"width":1500,"height":1000,"url":"https:\/\/pawbox.ch\/wp-content\/uploads\/2023\/11\/2.png","type":"image\/png"}],"twitter_card":"summary_large_image","twitter_misc":{"Gesch\u00e4tzte Lesezeit":"1\u00a0Minute"},"schema":{"@context":"https:\/\/schema.org","@graph":[{"@type":"WebPage","@id":"https:\/\/pawbox.ch\/produit\/pawbox-noel\/","url":"https:\/\/pawbox.ch\/produit\/pawbox-noel\/","name":"PawBox NOEL | PawBox","isPartOf":{"@id":"https:\/\/pawbox.ch\/#website"},"primaryImageOfPage":{"@id":"https:\/\/pawbox.ch\/produit\/pawbox-noel\/#primaryimage"},"image":{"@id":"https:\/\/pawbox.ch\/produit\/pawbox-noel\/#primaryimage"},"thumbnailUrl":"https:\/\/i0.wp.com\/pawbox.ch\/wp-content\/uploads\/2023\/11\/2.png?fit=1500%2C1000&ssl=1","datePublished":"2023-11-07T17:02:17+00:00","dateModified":"2025-12-01T16:29:32+00:00","breadcrumb":{"@id":"https:\/\/pawbox.ch\/produit\/pawbox-noel\/#breadcrumb"},"inLanguage":"de","potentialAction":[{"@type":"ReadAction","target":["https:\/\/pawbox.ch\/produit\/pawbox-noel\/"]}]},{"@type":"ImageObject","inLanguage":"de","@id":"https:\/\/pawbox.ch\/produit\/pawbox-noel\/#primaryimage","url":"https:\/\/i0.wp.com\/pawbox.ch\/wp-content\/uploads\/2023\/11\/2.png?fit=1500%2C1000&ssl=1","contentUrl":"https:\/\/i0.wp.com\/pawbox.ch\/wp-content\/uploads\/2023\/11\/2.png?fit=1500%2C1000&ssl=1","width":1500,"height":1000},{"@type":"BreadcrumbList","@id":"https:\/\/pawbox.ch\/produit\/pawbox-noel\/#breadcrumb","itemListElement":[{"@type":"ListItem","position":1,"name":"Accueil","item":"https:\/\/pawbox.ch\/"},{"@type":"ListItem","position":2,"name":"HOME","item":"https:\/\/pawbox.ch\/"},{"@type":"ListItem","position":3,"name":"PawBox NOEL"}]},{"@type":"WebSite","@id":"https:\/\/pawbox.ch\/#website","url":"https:\/\/pawbox.ch\/","name":"PawBox","description":"Happy Pets","publisher":{"@id":"https:\/\/pawbox.ch\/#organization"},"potentialAction":[{"@type":"SearchAction","target":{"@type":"EntryPoint","urlTemplate":"https:\/\/pawbox.ch\/?s={search_term_string}"},"query-input":{"@type":"PropertyValueSpecification","valueRequired":true,"valueName":"search_term_string"}}],"inLanguage":"de"},{"@type":"Organization","@id":"https:\/\/pawbox.ch\/#organization","name":"PawBox","url":"https:\/\/pawbox.ch\/","logo":{"@type":"ImageObject","inLanguage":"de","@id":"https:\/\/pawbox.ch\/#\/schema\/logo\/image\/","url":"https:\/\/pawbox.ch\/wp-content\/uploads\/2023\/05\/PawBox3Final.png","contentUrl":"https:\/\/pawbox.ch\/wp-content\/uploads\/2023\/05\/PawBox3Final.png","width":777,"height":634,"caption":"PawBox"},"image":{"@id":"https:\/\/pawbox.ch\/#\/schema\/logo\/image\/"},"sameAs":["https:\/\/www.facebook.com\/pawbox.ch","https:\/\/www.instagram.com\/pawbox.ch\/"]}]}},"jetpack_sharing_enabled":true,"_links":{"self":[{"href":"https:\/\/pawbox.ch\/de\/wp-json\/wp\/v2\/product\/29254","targetHints":{"allow":["GET"]}}],"collection":[{"href":"https:\/\/pawbox.ch\/de\/wp-json\/wp\/v2\/product"}],"about":[{"href":"https:\/\/pawbox.ch\/de\/wp-json\/wp\/v2\/types\/product"}],"replies":[{"embeddable":true,"href":"https:\/\/pawbox.ch\/de\/wp-json\/wp\/v2\/comments?post=29254"}],"wp:featuredmedia":[{"embeddable":true,"href":"https:\/\/pawbox.ch\/de\/wp-json\/wp\/v2\/media\/29190"}],"wp:attachment":[{"href":"https:\/\/pawbox.ch\/de\/wp-json\/wp\/v2\/media?parent=29254"}],"wp:term":[{"taxonomy":"product_brand","embeddable":true,"href":"https:\/\/pawbox.ch\/de\/wp-json\/wp\/v2\/product_brand?post=29254"},{"taxonomy":"product_cat","embeddable":true,"href":"https:\/\/pawbox.ch\/de\/wp-json\/wp\/v2\/product_cat?post=29254"},{"taxonomy":"product_tag","embeddable":true,"href":"https:\/\/pawbox.ch\/de\/wp-json\/wp\/v2\/product_tag?post=29254"}],"curies":[{"name":"wp","href":"https:\/\/api.w.org\/{rel}","templated":true}]}}